{"id":8088,"date":"2018-12-10T04:55:29","date_gmt":"2018-12-10T04:55:29","guid":{"rendered":"http:\/\/travelhotel.wpengine.com\/?page_id=8088"},"modified":"2025-05-22T10:59:46","modified_gmt":"2025-05-22T10:59:46","slug":"kontakt","status":"publish","type":"page","link":"https:\/\/www.bluetravel-ks.com\/blog\/kontakt\/","title":{"rendered":"Kontakt"},"content":{"rendered":"<div class=\"wpb-content-wrapper\"><p>[vc_row][vc_column][vc_empty_space height=&#8221;75px&#8221;][\/vc_column][\/vc_row][vc_row][vc_column width=&#8221;5\/12&#8243;]\n<div class=\"wpcf7 no-js\" id=\"wpcf7-f7467-o1\" lang=\"en-US\" dir=\"ltr\" data-wpcf7-id=\"7467\">\n<div class=\"screen-reader-response\"><p role=\"status\" aria-live=\"polite\" aria-atomic=\"true\"><\/p> <ul><\/ul><\/div>\n<form action=\"\/blog\/wp-json\/wp\/v2\/pages\/8088#wpcf7-f7467-o1\" method=\"post\" class=\"wpcf7-form init\" aria-label=\"Contact form\" novalidate=\"novalidate\" data-status=\"init\">\n<fieldset class=\"hidden-fields-container\"><input type=\"hidden\" name=\"_wpcf7\" value=\"7467\" \/><input type=\"hidden\" name=\"_wpcf7_version\" value=\"6.1.5\" \/><input type=\"hidden\" name=\"_wpcf7_locale\" value=\"en_US\" \/><input type=\"hidden\" name=\"_wpcf7_unit_tag\" value=\"wpcf7-f7467-o1\" \/><input type=\"hidden\" name=\"_wpcf7_container_post\" value=\"0\" \/><input type=\"hidden\" name=\"_wpcf7_posted_data_hash\" value=\"\" \/>\n<\/fieldset>\n<div class=\"st-contact-form\">\n\t<div class=\"contact-header\">\n\t\t<h3>Do t\u00eb donim shum\u00eb t\u00eb d\u00ebgjonim nga ju\n\t\t<\/h3>\n\t\t<p>Na d\u00ebrgoni nj\u00eb mesazh dhe ne do t'i p\u00ebrgjigjemi sa m\u00eb shpejt t\u00eb jet\u00eb e mundur\n\t\t<\/p>\n\t<\/div>\n\t<div class=\"contact-form\">\n\t\t<div class=\"form-group\">\n\t\t\t<p><span class=\"wpcf7-form-control-wrap\" data-name=\"your-name\"><input size=\"40\" maxlength=\"400\" class=\"wpcf7-form-control wpcf7-text wpcf7-validates-as-required form-control\" aria-required=\"true\" aria-invalid=\"false\" placeholder=\"Emri Mbiemri\" value=\"\" type=\"text\" name=\"your-name\" \/><\/span>\n\t\t\t<\/p>\n\t\t<\/div>\n\t\t<div class=\"form-group\">\n\t\t\t<p><span class=\"wpcf7-form-control-wrap\" data-name=\"your-name\"><input size=\"40\" maxlength=\"400\" class=\"wpcf7-form-control wpcf7-email wpcf7-validates-as-required wpcf7-text wpcf7-validates-as-email form-control\" aria-required=\"true\" aria-invalid=\"false\" placeholder=\"Email\" value=\"\" type=\"email\" name=\"your-name\" \/><\/span>\n\t\t\t<\/p>\n\t\t<\/div>\n\t\t<div class=\"form-group\">\n\t\t\t<p><span class=\"wpcf7-form-control-wrap\" data-name=\"your-message\"><textarea cols=\"40\" rows=\"10\" maxlength=\"2000\" class=\"wpcf7-form-control wpcf7-textarea form-control\" aria-invalid=\"false\" placeholder=\"Mesazhi\" name=\"your-message\"><\/textarea><\/span>\n\t\t\t<\/p>\n\t\t<\/div>\n\t\t<p><input class=\"wpcf7-form-control wpcf7-submit has-spinner btn btn-primary\" type=\"submit\" value=\"DERGO MESAZHIN\" \/>\n\t\t<\/p>\n\t<\/div>\n<\/div><p style=\"display: none !important;\" class=\"akismet-fields-container\" data-prefix=\"_wpcf7_ak_\"><label>&#916;<textarea name=\"_wpcf7_ak_hp_textarea\" cols=\"45\" rows=\"8\" maxlength=\"100\"><\/textarea><\/label><input type=\"hidden\" id=\"ak_js_1\" name=\"_wpcf7_ak_js\" value=\"215\"\/><script>document.getElementById( \"ak_js_1\" ).setAttribute( \"value\", ( new Date() ).getTime() );<\/script><\/p><div class=\"wpcf7-response-output\" aria-hidden=\"true\"><\/div>\n<\/form>\n<\/div>\n[vc_empty_space height=&#8221;25px&#8221;][\/vc_column][vc_column width=&#8221;2\/12&#8243;][\/vc_column][vc_column width=&#8221;5\/12&#8243;]<div class=\"st-contact-info\">\r\n    <div class=\"info-bg\">\r\n        <img decoding=\"async\" src=\"https:\/\/www.bluetravel-ks.com\/blog\/wp-content\/uploads\/2020\/06\/bg-contact-1.jpg\" class=\"img-responsive\" alt=\"Background Contact Info\"\/>    <\/div>\r\n    <div class=\"info-content\">\r\n                <h3>Sharr Travel<\/h3>\r\n                        <div class=\"sub\">\r\n            <\/p>\n<h5 class=\"address\"><span style=\"color: #ffffff;\">Adresa: Bulevardi Bill Klinton 156 (P\u00ebrball\u00eb Ib\u00ebr Lepencit)<\/span><\/h5>\n<h5><span style=\"color: #ffffff;\">Mob: + 383 38 610 015<br \/>\n<\/span><\/h5>\n<h5><span style=\"color: #ffffff;\">Mob: + 383 44 610 015<\/span><\/h5>\n<h5><span style=\"color: #ffffff;\">Email: info@sharrtravel.com<\/span><\/h5>\n<h5><span style=\"color: #ffffff;\">Email: sales@sharrtravel.com<\/span><\/h5>\n<h5 class=\"address\"><span style=\"color: #ffffff;\">Web: www.sharrtravel.com<\/span><\/h5>\n<p>            <!--<p>Tell. + 00 222 444 33<\/p>\r\n            <p>Email. hello@yoursite.com<\/p>\r\n            <p class=\"address\">1355 Market St, Suite 900San, Francisco, CA 94103 United States<\/p>-->\r\n        <\/div>\r\n            <\/div>\r\n<\/div>[vc_empty_space height=&#8221;75px&#8221;][\/vc_column][\/vc_row][vc_row full_width=&#8221;stretch_row_content_no_spaces&#8221; row_fullwidth=&#8221;yes&#8221; css=&#8221;.vc_custom_1543398264656{margin-bottom: -100px !important;}&#8221;][vc_column css=&#8221;.vc_custom_1543213048580{padding-right: 0px !important;padding-left: 0px !important;}&#8221;][vc_gmaps link=&#8221;#E-8_JTNDaWZyYW1lJTIwc3JjJTNEJTIyaHR0cHMlM0ElMkYlMkZ3d3cuZ29vZ2xlLmNvbSUyRm1hcHMlMkZlbWJlZCUzRnBiJTNEJTIxMW0xOCUyMTFtMTIlMjExbTMlMjExZDI5MzQuMzIwODI5NTIwOTQ0JTIxMmQyMS4xNTMxNTE0JTIxM2Q0Mi42NTQ1NTYxOTk5OTk5OSUyMTJtMyUyMTFmMCUyMTJmMCUyMTNmMCUyMTNtMiUyMTFpMTAyNCUyMTJpNzY4JTIxNGYxMy4xJTIxM20zJTIxMW0yJTIxMXMweDEzNTQ5ZmE3ODdhYTE0MjMlMjUzQTB4ZTcxZWE3OGIxYTliMGJkYyUyMTJzU2hhcnIlMjUyMFRyYXZlbCUyMTVlMCUyMTNtMiUyMTFzZW4lMjEycyUyMTR2MTc0NzkxMTU3MTI2MCUyMTVtMiUyMTFzZW4lMjEycyUyMiUyMHdpZHRoJTNEJTIyNjAwJTIyJTIwaGVpZ2h0JTNEJTIyNDUwJTIyJTIwc3R5bGUlM0QlMjJib3JkZXIlM0EwJTNCJTIyJTIwYWxsb3dmdWxsc2NyZWVuJTNEJTIyJTIyJTIwbG9hZGluZyUzRCUyMmxhenklMjIlMjByZWZlcnJlcnBvbGljeSUzRCUyMm5vLXJlZmVycmVyLXdoZW4tZG93bmdyYWRlJTIyJTNFJTNDJTJGaWZyYW1lJTNF&#8221; css=&#8221;&#8221;][\/vc_column][\/vc_row]<\/p>\n<\/div>","protected":false},"excerpt":{"rendered":"<p>[vc_row][vc_column][vc_empty_space height=&#8221;75px&#8221;][\/vc_column][\/vc_row][vc_row][vc_column width=&#8221;5\/12&#8243;][vc_empty_space height=&#8221;25px&#8221;][\/vc_column][vc_column width=&#8221;2\/12&#8243;][\/vc_column][vc_column width=&#8221;5\/12&#8243;][vc_empty_space height=&#8221;75px&#8221;][\/vc_column][\/vc_row][vc_row full_width=&#8221;stretch_row_content_no_spaces&#8221; row_fullwidth=&#8221;yes&#8221; css=&#8221;.vc_custom_1543398264656{margin-bottom: -100px !important;}&#8221;][vc_column css=&#8221;.vc_custom_1543213048580{padding-right: 0px !important;padding-left: 0px !important;}&#8221;][vc_gmaps link=&#8221;#E-8_JTNDaWZyYW1lJTIwc3JjJTNEJTIyaHR0cHMlM0ElMkYlMkZ3d3cuZ29vZ2xlLmNvbSUyRm1hcHMlMkZlbWJlZCUzRnBiJTNEJTIxMW0xOCUyMTFtMTIlMjExbTMlMjExZDI5MzQuMzIwODI5NTIwOTQ0JTIxMmQyMS4xNTMxNTE0JTIxM2Q0Mi42NTQ1NTYxOTk5OTk5OSUyMTJtMyUyMTFmMCUyMTJmMCUyMTNmMCUyMTNtMiUyMTFpMTAyNCUyMTJpNzY4JTIxNGYxMy4xJTIxM20zJTIxMW0yJTIxMXMweDEzNTQ5ZmE3ODdhYTE0MjMlMjUzQTB4ZTcxZWE3OGIxYTliMGJkYyUyMTJzU2hhcnIlMjUyMFRyYXZlbCUyMTVlMCUyMTNtMiUyMTFzZW4lMjEycyUyMTR2MTc0NzkxMTU3MTI2MCUyMTVtMiUyMTFzZW4lMjEycyUyMiUyMHdpZHRoJTNEJTIyNjAwJTIyJTIwaGVpZ2h0JTNEJTIyNDUwJTIyJTIwc3R5bGUlM0QlMjJib3JkZXIlM0EwJTNCJTIyJTIwYWxsb3dmdWxsc2NyZWVuJTNEJTIyJTIyJTIwbG9hZGluZyUzRCUyMmxhenklMjIlMjByZWZlcnJlcnBvbGljeSUzRCUyMm5vLXJlZmVycmVyLXdoZW4tZG93bmdyYWRlJTIyJTNFJTNDJTJGaWZyYW1lJTNF&#8221; css=&#8221;&#8221;][\/vc_column][\/vc_row]<\/p>\n","protected":false},"author":1,"featured_media":8347,"parent":0,"menu_order":0,"comment_status":"closed","ping_status":"closed","template":"template-home-modern.php","meta":{"footnotes":""},"class_list":["post-8088","page","type-page","status-publish","has-post-thumbnail","hentry"],"yoast_head":"<!-- This site is optimized with the Yoast SEO plugin v27.1.1 - https:\/\/yoast.com\/product\/yoast-seo-wordpress\/ -->\n<title>Kontakt - SHARR TRAVEL<\/title>\n<meta name=\"robots\" content=\"index, follow, max-snippet:-1, max-image-preview:large, max-video-preview:-1\" \/>\n<link rel=\"canonical\" href=\"https:\/\/www.bluetravel-ks.com\/blog\/kontakt\/\" \/>\n<meta property=\"og:locale\" content=\"en_US\" \/>\n<meta property=\"og:type\" content=\"article\" \/>\n<meta property=\"og:title\" content=\"Kontakt - SHARR TRAVEL\" \/>\n<meta property=\"og:description\" content=\"[vc_row][vc_column][vc_empty_space height=&#8221;75px&#8221;][\/vc_column][\/vc_row][vc_row][vc_column width=&#8221;5\/12&#8243;][vc_empty_space height=&#8221;25px&#8221;][\/vc_column][vc_column width=&#8221;2\/12&#8243;][\/vc_column][vc_column width=&#8221;5\/12&#8243;][vc_empty_space height=&#8221;75px&#8221;][\/vc_column][\/vc_row][vc_row full_width=&#8221;stretch_row_content_no_spaces&#8221; row_fullwidth=&#8221;yes&#8221; css=&#8221;.vc_custom_1543398264656{margin-bottom: -100px !important;}&#8221;][vc_column css=&#8221;.vc_custom_1543213048580{padding-right: 0px !important;padding-left: 0px !important;}&#8221;][vc_gmaps link=&#8221;#E-8_JTNDaWZyYW1lJTIwc3JjJTNEJTIyaHR0cHMlM0ElMkYlMkZ3d3cuZ29vZ2xlLmNvbSUyRm1hcHMlMkZlbWJlZCUzRnBiJTNEJTIxMW0xOCUyMTFtMTIlMjExbTMlMjExZDI5MzQuMzIwODI5NTIwOTQ0JTIxMmQyMS4xNTMxNTE0JTIxM2Q0Mi42NTQ1NTYxOTk5OTk5OSUyMTJtMyUyMTFmMCUyMTJmMCUyMTNmMCUyMTNtMiUyMTFpMTAyNCUyMTJpNzY4JTIxNGYxMy4xJTIxM20zJTIxMW0yJTIxMXMweDEzNTQ5ZmE3ODdhYTE0MjMlMjUzQTB4ZTcxZWE3OGIxYTliMGJkYyUyMTJzU2hhcnIlMjUyMFRyYXZlbCUyMTVlMCUyMTNtMiUyMTFzZW4lMjEycyUyMTR2MTc0NzkxMTU3MTI2MCUyMTVtMiUyMTFzZW4lMjEycyUyMiUyMHdpZHRoJTNEJTIyNjAwJTIyJTIwaGVpZ2h0JTNEJTIyNDUwJTIyJTIwc3R5bGUlM0QlMjJib3JkZXIlM0EwJTNCJTIyJTIwYWxsb3dmdWxsc2NyZWVuJTNEJTIyJTIyJTIwbG9hZGluZyUzRCUyMmxhenklMjIlMjByZWZlcnJlcnBvbGljeSUzRCUyMm5vLXJlZmVycmVyLXdoZW4tZG93bmdyYWRlJTIyJTNFJTNDJTJGaWZyYW1lJTNF&#8221; css=&#8221;&#8221;][\/vc_column][\/vc_row]\" \/>\n<meta property=\"og:url\" content=\"https:\/\/www.bluetravel-ks.com\/blog\/kontakt\/\" \/>\n<meta property=\"og:site_name\" content=\"SHARR TRAVEL\" \/>\n<meta property=\"article:modified_time\" content=\"2025-05-22T10:59:46+00:00\" \/>\n<meta property=\"og:image\" content=\"https:\/\/www.bluetravel-ks.com\/blog\/wp-content\/uploads\/2020\/06\/gallary_4-1.jpg\" \/>\n\t<meta property=\"og:image:width\" content=\"1920\" \/>\n\t<meta property=\"og:image:height\" content=\"1220\" \/>\n\t<meta property=\"og:image:type\" content=\"image\/jpeg\" \/>\n<meta name=\"twitter:card\" content=\"summary_large_image\" \/>\n<meta name=\"twitter:label1\" content=\"Est. reading time\" \/>\n\t<meta name=\"twitter:data1\" content=\"1 minute\" \/>\n<script type=\"application\/ld+json\" class=\"yoast-schema-graph\">{\"@context\":\"https:\/\/schema.org\",\"@graph\":[{\"@type\":\"WebPage\",\"@id\":\"https:\/\/www.bluetravel-ks.com\/blog\/kontakt\/\",\"url\":\"https:\/\/www.bluetravel-ks.com\/blog\/kontakt\/\",\"name\":\"Kontakt - SHARR TRAVEL\",\"isPartOf\":{\"@id\":\"https:\/\/www.bluetravel-ks.com\/blog\/#website\"},\"primaryImageOfPage\":{\"@id\":\"https:\/\/www.bluetravel-ks.com\/blog\/kontakt\/#primaryimage\"},\"image\":{\"@id\":\"https:\/\/www.bluetravel-ks.com\/blog\/kontakt\/#primaryimage\"},\"thumbnailUrl\":\"https:\/\/www.bluetravel-ks.com\/blog\/wp-content\/uploads\/2020\/06\/gallary_4-1.jpg\",\"datePublished\":\"2018-12-10T04:55:29+00:00\",\"dateModified\":\"2025-05-22T10:59:46+00:00\",\"breadcrumb\":{\"@id\":\"https:\/\/www.bluetravel-ks.com\/blog\/kontakt\/#breadcrumb\"},\"inLanguage\":\"en-US\",\"potentialAction\":[{\"@type\":\"ReadAction\",\"target\":[\"https:\/\/www.bluetravel-ks.com\/blog\/kontakt\/\"]}]},{\"@type\":\"ImageObject\",\"inLanguage\":\"en-US\",\"@id\":\"https:\/\/www.bluetravel-ks.com\/blog\/kontakt\/#primaryimage\",\"url\":\"https:\/\/www.bluetravel-ks.com\/blog\/wp-content\/uploads\/2020\/06\/gallary_4-1.jpg\",\"contentUrl\":\"https:\/\/www.bluetravel-ks.com\/blog\/wp-content\/uploads\/2020\/06\/gallary_4-1.jpg\",\"width\":1920,\"height\":1220},{\"@type\":\"BreadcrumbList\",\"@id\":\"https:\/\/www.bluetravel-ks.com\/blog\/kontakt\/#breadcrumb\",\"itemListElement\":[{\"@type\":\"ListItem\",\"position\":1,\"name\":\"Home\",\"item\":\"https:\/\/www.bluetravel-ks.com\/blog\/\"},{\"@type\":\"ListItem\",\"position\":2,\"name\":\"Kontakt\"}]},{\"@type\":\"WebSite\",\"@id\":\"https:\/\/www.bluetravel-ks.com\/blog\/#website\",\"url\":\"https:\/\/www.bluetravel-ks.com\/blog\/\",\"name\":\"SHARR TRAVEL\",\"description\":\"Oferta turistike p\u00ebr fundjav\u00eb dhe udh\u00ebtime!\",\"potentialAction\":[{\"@type\":\"SearchAction\",\"target\":{\"@type\":\"EntryPoint\",\"urlTemplate\":\"https:\/\/www.bluetravel-ks.com\/blog\/?s={search_term_string}\"},\"query-input\":{\"@type\":\"PropertyValueSpecification\",\"valueRequired\":true,\"valueName\":\"search_term_string\"}}],\"inLanguage\":\"en-US\"}]}<\/script>\n<!-- \/ Yoast SEO plugin. -->","yoast_head_json":{"title":"Kontakt - SHARR TRAVEL","robots":{"index":"index","follow":"follow","max-snippet":"max-snippet:-1","max-image-preview":"max-image-preview:large","max-video-preview":"max-video-preview:-1"},"canonical":"https:\/\/www.bluetravel-ks.com\/blog\/kontakt\/","og_locale":"en_US","og_type":"article","og_title":"Kontakt - SHARR TRAVEL","og_description":"[vc_row][vc_column][vc_empty_space height=&#8221;75px&#8221;][\/vc_column][\/vc_row][vc_row][vc_column width=&#8221;5\/12&#8243;][vc_empty_space height=&#8221;25px&#8221;][\/vc_column][vc_column width=&#8221;2\/12&#8243;][\/vc_column][vc_column width=&#8221;5\/12&#8243;][vc_empty_space height=&#8221;75px&#8221;][\/vc_column][\/vc_row][vc_row full_width=&#8221;stretch_row_content_no_spaces&#8221; row_fullwidth=&#8221;yes&#8221; css=&#8221;.vc_custom_1543398264656{margin-bottom: -100px !important;}&#8221;][vc_column css=&#8221;.vc_custom_1543213048580{padding-right: 0px !important;padding-left: 0px !important;}&#8221;][vc_gmaps link=&#8221;#E-8_JTNDaWZyYW1lJTIwc3JjJTNEJTIyaHR0cHMlM0ElMkYlMkZ3d3cuZ29vZ2xlLmNvbSUyRm1hcHMlMkZlbWJlZCUzRnBiJTNEJTIxMW0xOCUyMTFtMTIlMjExbTMlMjExZDI5MzQuMzIwODI5NTIwOTQ0JTIxMmQyMS4xNTMxNTE0JTIxM2Q0Mi42NTQ1NTYxOTk5OTk5OSUyMTJtMyUyMTFmMCUyMTJmMCUyMTNmMCUyMTNtMiUyMTFpMTAyNCUyMTJpNzY4JTIxNGYxMy4xJTIxM20zJTIxMW0yJTIxMXMweDEzNTQ5ZmE3ODdhYTE0MjMlMjUzQTB4ZTcxZWE3OGIxYTliMGJkYyUyMTJzU2hhcnIlMjUyMFRyYXZlbCUyMTVlMCUyMTNtMiUyMTFzZW4lMjEycyUyMTR2MTc0NzkxMTU3MTI2MCUyMTVtMiUyMTFzZW4lMjEycyUyMiUyMHdpZHRoJTNEJTIyNjAwJTIyJTIwaGVpZ2h0JTNEJTIyNDUwJTIyJTIwc3R5bGUlM0QlMjJib3JkZXIlM0EwJTNCJTIyJTIwYWxsb3dmdWxsc2NyZWVuJTNEJTIyJTIyJTIwbG9hZGluZyUzRCUyMmxhenklMjIlMjByZWZlcnJlcnBvbGljeSUzRCUyMm5vLXJlZmVycmVyLXdoZW4tZG93bmdyYWRlJTIyJTNFJTNDJTJGaWZyYW1lJTNF&#8221; css=&#8221;&#8221;][\/vc_column][\/vc_row]","og_url":"https:\/\/www.bluetravel-ks.com\/blog\/kontakt\/","og_site_name":"SHARR TRAVEL","article_modified_time":"2025-05-22T10:59:46+00:00","og_image":[{"width":1920,"height":1220,"url":"https:\/\/www.bluetravel-ks.com\/blog\/wp-content\/uploads\/2020\/06\/gallary_4-1.jpg","type":"image\/jpeg"}],"twitter_card":"summary_large_image","twitter_misc":{"Est. reading time":"1 minute"},"schema":{"@context":"https:\/\/schema.org","@graph":[{"@type":"WebPage","@id":"https:\/\/www.bluetravel-ks.com\/blog\/kontakt\/","url":"https:\/\/www.bluetravel-ks.com\/blog\/kontakt\/","name":"Kontakt - SHARR TRAVEL","isPartOf":{"@id":"https:\/\/www.bluetravel-ks.com\/blog\/#website"},"primaryImageOfPage":{"@id":"https:\/\/www.bluetravel-ks.com\/blog\/kontakt\/#primaryimage"},"image":{"@id":"https:\/\/www.bluetravel-ks.com\/blog\/kontakt\/#primaryimage"},"thumbnailUrl":"https:\/\/www.bluetravel-ks.com\/blog\/wp-content\/uploads\/2020\/06\/gallary_4-1.jpg","datePublished":"2018-12-10T04:55:29+00:00","dateModified":"2025-05-22T10:59:46+00:00","breadcrumb":{"@id":"https:\/\/www.bluetravel-ks.com\/blog\/kontakt\/#breadcrumb"},"inLanguage":"en-US","potentialAction":[{"@type":"ReadAction","target":["https:\/\/www.bluetravel-ks.com\/blog\/kontakt\/"]}]},{"@type":"ImageObject","inLanguage":"en-US","@id":"https:\/\/www.bluetravel-ks.com\/blog\/kontakt\/#primaryimage","url":"https:\/\/www.bluetravel-ks.com\/blog\/wp-content\/uploads\/2020\/06\/gallary_4-1.jpg","contentUrl":"https:\/\/www.bluetravel-ks.com\/blog\/wp-content\/uploads\/2020\/06\/gallary_4-1.jpg","width":1920,"height":1220},{"@type":"BreadcrumbList","@id":"https:\/\/www.bluetravel-ks.com\/blog\/kontakt\/#breadcrumb","itemListElement":[{"@type":"ListItem","position":1,"name":"Home","item":"https:\/\/www.bluetravel-ks.com\/blog\/"},{"@type":"ListItem","position":2,"name":"Kontakt"}]},{"@type":"WebSite","@id":"https:\/\/www.bluetravel-ks.com\/blog\/#website","url":"https:\/\/www.bluetravel-ks.com\/blog\/","name":"SHARR TRAVEL","description":"Oferta turistike p\u00ebr fundjav\u00eb dhe udh\u00ebtime!","potentialAction":[{"@type":"SearchAction","target":{"@type":"EntryPoint","urlTemplate":"https:\/\/www.bluetravel-ks.com\/blog\/?s={search_term_string}"},"query-input":{"@type":"PropertyValueSpecification","valueRequired":true,"valueName":"search_term_string"}}],"inLanguage":"en-US"}]}},"_links":{"self":[{"href":"https:\/\/www.bluetravel-ks.com\/blog\/wp-json\/wp\/v2\/pages\/8088","targetHints":{"allow":["GET"]}}],"collection":[{"href":"https:\/\/www.bluetravel-ks.com\/blog\/wp-json\/wp\/v2\/pages"}],"about":[{"href":"https:\/\/www.bluetravel-ks.com\/blog\/wp-json\/wp\/v2\/types\/page"}],"author":[{"embeddable":true,"href":"https:\/\/www.bluetravel-ks.com\/blog\/wp-json\/wp\/v2\/users\/1"}],"replies":[{"embeddable":true,"href":"https:\/\/www.bluetravel-ks.com\/blog\/wp-json\/wp\/v2\/comments?post=8088"}],"version-history":[{"count":3,"href":"https:\/\/www.bluetravel-ks.com\/blog\/wp-json\/wp\/v2\/pages\/8088\/revisions"}],"predecessor-version":[{"id":23235,"href":"https:\/\/www.bluetravel-ks.com\/blog\/wp-json\/wp\/v2\/pages\/8088\/revisions\/23235"}],"wp:featuredmedia":[{"embeddable":true,"href":"https:\/\/www.bluetravel-ks.com\/blog\/wp-json\/wp\/v2\/media\/8347"}],"wp:attachment":[{"href":"https:\/\/www.bluetravel-ks.com\/blog\/wp-json\/wp\/v2\/media?parent=8088"}],"curies":[{"name":"wp","href":"https:\/\/api.w.org\/{rel}","templated":true}]}}